{"id":686,"date":"2009-09-10T13:26:17","date_gmt":"2009-09-10T11:26:17","guid":{"rendered":"http:\/\/cafephotomarseille.free.fr\/?page_id=2"},"modified":"2025-01-12T13:32:10","modified_gmt":"2025-01-12T13:32:10","slug":"a-propos-2","status":"publish","type":"page","link":"https:\/\/www.cafephotomarseille.org\/?page_id=686","title":{"rendered":"Le Caf\u00e9 Photo Marseille&#8230;"},"content":{"rendered":"<p><a href=\"https:\/\/www.cafephotomarseille.org\/?attachment_id=915\" rel=\"attachment wp-att-915\"><br \/>\n<\/a>Le Caf\u00e9 Photo Marseille (CPM) est n\u00e9 en octobre 2008 \u00e0 l&rsquo;initiative de Sophie Gotti qui a souhait\u00e9 rassembler des photographes autour d&rsquo;un caf\u00e9, le plus simplement du monde, pour \u00e9changer entre passionn\u00e9s. Elle a alors mont\u00e9 le groupe caf\u00e9 photo Marseille sur Facebook, avant tout par facilit\u00e9 et pour exploiter le c\u00f4t\u00e9 communautaire de cet outil. Constitu\u00e9 association photo depuis 2013, nous sommes aujourd&rsquo;hui entre 30 et 50 photographes \u00e0 nous retrouver chaque dernier samedi du mois.<\/p>\n<div class=\"page\" title=\"Page 3\">\n<div class=\"layoutArea\">\n<div class=\"column\">\n<blockquote><p><em>\u00ab\u00a0Plus qu\u2019un club photo, plus qu\u2019une association, nous sommes un collectif car tout ce que nous faisons et construisons, tous les projets que nous concr\u00e9tisons, nous le faisons gr\u00e2ce \u00e0 l\u2019implication de tous nos membres et au partage d\u2019id\u00e9es. Le Caf\u00e9 Photo Marseille, c\u2019est un \u00e9tat d\u2019esprit, c\u2019est une \u00e9mulation, une force collective, une dynamique, qui fonctionne depuis plus de 10 ans et qui va se poursuivre aussi longtemps que chacun.e apportera sa petite pierre \u00e0 l&rsquo;\u00e9difice\u00a0\u00bb <\/em>explique Sophie GOTTI pr\u00e9sidente du CPM.<\/p><\/blockquote>\n<\/div>\n<\/div>\n<\/div>\n<p>L&rsquo;int\u00e9r\u00eat des caf\u00e9s photos est cette grande libert\u00e9 qui est laiss\u00e9e \u00e0 chacun d&rsquo;y venir \u00e0 son rythme, selon ses disponibilit\u00e9s. Nous parlons photo pendant plus d&rsquo;une heure, certains am\u00e8nent leurs travaux pour avoir des avis, nous faisons m\u00eame parfois des concours ou des sorties avec toujours ce maitre mot : le plaisir, de se retrouver, d&rsquo;\u00e9changer, de d\u00e9couvrir de nouvelles choses et surtout, de faire des photos. Vous pouvez nous retrouver sur <a title=\"Caf\u00e9 photo Marseille sur facebook\" href=\"http:\/\/www.facebook.com\/group.php?gid=39794772924\" target=\"_blank\" rel=\"noopener\">facebook<\/a>, pour recevoir les invitations aux rendez-vous mensuels.<\/p>\n<p>Le site, la page facebook, les rendez-vous mensuels, les projets et expos \u00e0 venir cr\u00e9ent un tout coh\u00e9rent et compl\u00e9mentaire.<\/p>\n<p>Le Caf\u00e9 Photo Marseille (CPM) a pour but de promouvoir la photographie sous toutes ses formes et dans toute sa diversit\u00e9 d&rsquo;expression (argentique, num\u00e9rique, alternative, proc\u00e9d\u00e9s anciens, lomographie, polaroids&#8230;). Pour ce faire, sont organis\u00e9s des rendez-vous mensuels le dernier samedi du mois, entre passionn\u00e9s, des sorties photos, des expositions collectives et individuelles, des ateliers th\u00e9matiques, des stages photographiques (workshops), des conf\u00e9rences, la vente de photographies \/ produits d\u00e9riv\u00e9s (livres photo&#8230;) et de prestations photographiques.<i><br \/>\n<\/i><\/p>\n<p>Si vous souhaitez nous rejoindre, les dates des prochains caf\u00e9s photo se trouvent annonc\u00e9es sur ce site dans la rubrique AGENDA et des \u00e9v\u00e9nements sont cr\u00e9\u00e9s sur\u00a0<strong><span style=\"color: #007cba;\"><span style=\"caret-color: #007cba;\"><u>Facebook<\/u><\/span><\/span><\/strong>. A bient\u00f4t !<\/p>\n<p style=\"text-align: right;\">\n","protected":false},"excerpt":{"rendered":"<p>Le Caf\u00e9 Photo Marseille (CPM) est n\u00e9 en octobre 2008 \u00e0 l&rsquo;initiative de Sophie Gotti qui a souhait\u00e9 rassembler des photographes autour d&rsquo;un caf\u00e9, le plus simplement du monde, pour \u00e9changer entre passionn\u00e9s. Elle a alors mont\u00e9 le groupe caf\u00e9 photo Marseille sur Facebook, avant tout par facilit\u00e9 et pour exploiter le c\u00f4t\u00e9 communautaire de &hellip; <\/p>\n<p class=\"link-more\"><a href=\"https:\/\/www.cafephotomarseille.org\/?page_id=686\" class=\"more-link\">Lire la suite de<span class=\"screen-reader-text\">\u00ab\u00a0Le Caf\u00e9 Photo Marseille&#8230;\u00a0\u00bb<\/span><\/a><\/p>\n","protected":false},"author":1,"featured_media":0,"parent":0,"menu_order":0,"comment_status":"closed","ping_status":"open","template":"","meta":{"footnotes":""},"class_list":["post-686","page","type-page","status-publish","hentry"],"featured_media_urls":[],"_links":{"self":[{"href":"https:\/\/www.cafephotomarseille.org\/index.php?rest_route=\/wp\/v2\/pages\/686","targetHints":{"allow":["GET"]}}],"collection":[{"href":"https:\/\/www.cafephotomarseille.org\/index.php?rest_route=\/wp\/v2\/pages"}],"about":[{"href":"https:\/\/www.cafephotomarseille.org\/index.php?rest_route=\/wp\/v2\/types\/page"}],"author":[{"embeddable":true,"href":"https:\/\/www.cafephotomarseille.org\/index.php?rest_route=\/wp\/v2\/users\/1"}],"replies":[{"embeddable":true,"href":"https:\/\/www.cafephotomarseille.org\/index.php?rest_route=%2Fwp%2Fv2%2Fcomments&post=686"}],"version-history":[{"count":58,"href":"https:\/\/www.cafephotomarseille.org\/index.php?rest_route=\/wp\/v2\/pages\/686\/revisions"}],"predecessor-version":[{"id":4425,"href":"https:\/\/www.cafephotomarseille.org\/index.php?rest_route=\/wp\/v2\/pages\/686\/revisions\/4425"}],"wp:attachment":[{"href":"https:\/\/www.cafephotomarseille.org\/index.php?rest_route=%2Fwp%2Fv2%2Fmedia&parent=686"}],"curies":[{"name":"wp","href":"https:\/\/api.w.org\/{rel}","templated":true}]}}