{"id":3976,"date":"2024-04-27T12:06:06","date_gmt":"2024-04-27T12:06:06","guid":{"rendered":"https:\/\/www.cafephotomarseille.org\/?page_id=3976"},"modified":"2026-04-25T05:39:50","modified_gmt":"2026-04-25T05:39:50","slug":"appels-a-projets","status":"publish","type":"page","link":"https:\/\/www.cafephotomarseille.org\/?page_id=3976","title":{"rendered":"Appel \u00e0 projets"},"content":{"rendered":"\t\t<div data-elementor-type=\"wp-page\" data-elementor-id=\"3976\" class=\"elementor elementor-3976\">\n\t\t\t\t\t\t<section class=\"elementor-section elementor-top-section elementor-element elementor-element-188731fb elementor-section-boxed elementor-section-height-default elementor-section-height-default\" data-id=\"188731fb\" data-element_type=\"section\">\n\t\t\t\t\t\t<div class=\"elementor-container elementor-column-gap-default\">\n\t\t\t\t\t<div class=\"elementor-column elementor-col-100 elementor-top-column elementor-element elementor-element-5cba61f4\" data-id=\"5cba61f4\" data-element_type=\"column\">\n\t\t\t<div class=\"elementor-widget-wrap elementor-element-populated\">\n\t\t\t\t\t\t<div class=\"elementor-element elementor-element-249d502 elementor-widget elementor-widget-heading\" data-id=\"249d502\" data-element_type=\"widget\" data-widget_type=\"heading.default\">\n\t\t\t\t<div class=\"elementor-widget-container\">\n\t\t\t\t\t<h2 class=\"elementor-heading-title elementor-size-default\">Appel \u00e0 projets 2026 : c'est parti !<\/h2>\t\t\t\t<\/div>\n\t\t\t\t<\/div>\n\t\t\t\t<div class=\"elementor-element elementor-element-3effe999 elementor-widget elementor-widget-text-editor\" data-id=\"3effe999\" data-element_type=\"widget\" data-widget_type=\"text-editor.default\">\n\t\t\t\t<div class=\"elementor-widget-container\">\n\t\t\t\t\t\t\t\t\t<p><strong>Dans le cadre de l&rsquo;exposition collective annuelle de l&rsquo;association qui se d\u00e9roule du 10 au 25 octobre 2026 au 3013, espace de cr\u00e9ation sur 300m2 \u00e0 Marseille, l&rsquo;association Caf\u00e9 Photo Marseille (CPM) lance 1 appel \u00e0 projets &#8211; en tirage et en projection &#8211; uniquement ouverts aux adh\u00e9rent.e.s de l&rsquo;association.<\/strong><\/p>\n<p><!-- \/wp:paragraph --><!-- wp:paragraph --><\/p>\n<p>Pour participer&#8230; il vous suffit d&rsquo;\u00eatre adh\u00e9rent \u00e0 jour de votre cotisation ou d&rsquo;adh\u00e9rer -&gt; <span style=\"color: #ff0000;\"><a style=\"color: #ff0000;\" href=\"https:\/\/www.cafephotomarseille.org\/?page_id=2062\" data-type=\"page\" data-id=\"2062\"><strong>Adh\u00e9rer<\/strong><\/a><\/span><\/p>\n<p><!-- \/wp:paragraph --><!-- wp:paragraph --><\/p>\n<blockquote>\n<p>En participant, vous avez la possibilit\u00e9 de participer \u00e0 <strong>l&rsquo;exposition en tirages<\/strong> dont le th\u00e8me commun cette ann\u00e9e est : <strong>\u00ab Carte blanche \u00bb. <\/strong><em>D\u00e9tails dans l&rsquo;appel \u00e0 projets \u00e0 t\u00e9l\u00e9charger et en annexe 1.<\/em><\/p>\n<p>Et\/ou de participer \u00e0 <strong>l&rsquo;exposition en projection de s\u00e9ries<\/strong> sur le th\u00e8me commun : <strong>\u00ab\u00a0Solitude urbaine\u00a0\u00bb. <\/strong><em>Chaque participant(e) produira une se\u0301rie de 4 a\u0300 8 photos maximum sur le the\u0300me de\u0301fini. Les modalite\u0301s pratiques font l\u2019objet de l\u2019annexe 2.<\/em><\/p>\n<\/blockquote>\n<p><!-- \/wp:paragraph --><!-- wp:paragraph --><!-- \/wp:paragraph --><!-- wp:paragraph --><!-- \/wp:paragraph --><\/p>\t\t\t\t\t\t\t\t<\/div>\n\t\t\t\t<\/div>\n\t\t\t\t<div class=\"elementor-element elementor-element-a7dec41 elementor-widget elementor-widget-heading\" data-id=\"a7dec41\" data-element_type=\"widget\" data-widget_type=\"heading.default\">\n\t\t\t\t<div class=\"elementor-widget-container\">\n\t\t\t\t\t<h1 class=\"elementor-heading-title elementor-size-default\">Vous souhaitez participer ?<\/h1>\t\t\t\t<\/div>\n\t\t\t\t<\/div>\n\t\t\t\t<div class=\"elementor-element elementor-element-cc3f19e elementor-align-left elementor-widget elementor-widget-button\" data-id=\"cc3f19e\" data-element_type=\"widget\" data-widget_type=\"button.default\">\n\t\t\t\t<div class=\"elementor-widget-container\">\n\t\t\t\t\t\t\t\t\t<div class=\"elementor-button-wrapper\">\n\t\t\t\t\t<a class=\"elementor-button elementor-button-link elementor-size-sm\" href=\"https:\/\/www.cafephotomarseille.org\/wp-content\/uploads\/2026\/04\/Appels-a-projets-expo-CPM-2026-VF.pdf\" target=\"_blank\">\n\t\t\t\t\t\t<span class=\"elementor-button-content-wrapper\">\n\t\t\t\t\t\t<span class=\"elementor-button-icon\">\n\t\t\t\t<i aria-hidden=\"true\" class=\"fas fa-arrow-circle-up\"><\/i>\t\t\t<\/span>\n\t\t\t\t\t\t\t\t\t<span class=\"elementor-button-text\">T\u00e9l\u00e9chargez l'appel \u00e0 projets<\/span>\n\t\t\t\t\t<\/span>\n\t\t\t\t\t<\/a>\n\t\t\t\t<\/div>\n\t\t\t\t\t\t\t\t<\/div>\n\t\t\t\t<\/div>\n\t\t\t\t<div class=\"elementor-element elementor-element-949554b elementor-widget elementor-widget-text-editor\" data-id=\"949554b\" data-element_type=\"widget\" data-widget_type=\"text-editor.default\">\n\t\t\t\t<div class=\"elementor-widget-container\">\n\t\t\t\t\t\t\t\t\t<h3><span style=\"color: #ff0000;\"><strong>Date limite d&rsquo;envoi* des dossiers : <span style=\"text-decoration: underline;\">lundi 31 ao\u00fbt 2026 minuit<\/span><\/strong><\/span><\/h3>\n<p style=\"caret-color: #000000; color: #000000;\"><strong style=\"font-family: var( --e-global-typography-text-font-family ), Sans-serif;\">Votre participation payante** &#8211; 50\u20ac &#8211; inclus : votre participation \u00e0 la location du lieu, des frais de tirage, le vernissage, la communication, la projection, le catalogue d&rsquo;exposition.<\/strong><\/p>\n<p>Au-del\u00e0 d&rsquo;exposer ou d&rsquo;\u00eatre projet\u00e9, <strong>vous b\u00e9n\u00e9ficierez de tarifs pr\u00e9f\u00e9rentiels pour la sortie argentique et le marathon photo.<\/strong><\/p>\n<p><span style=\"color: #ff0000;\">*<\/span><em><span style=\"color: #ff0000;\"><strong>Pour envoyer vos fichiers, <span style=\"text-decoration: underline;\">privil\u00e9giez Swisstransfer (gratuit, 50go max, Suisse et envoi valable 1 mois) et Smash (gratuit, taille illimit\u00e9e, Fran\u00e7ais et envoi valable 7 jours).<\/span><\/strong><\/span><\/em><\/p>\n<p><em>**Hors frais d&rsquo;adh\u00e9sion ou de r\u00e9-adh\u00e9sion<\/em><\/p>\t\t\t\t\t\t\t\t<\/div>\n\t\t\t\t<\/div>\n\t\t\t\t\t<\/div>\n\t\t<\/div>\n\t\t\t\t\t<\/div>\n\t\t<\/section>\n\t\t\t\t<section class=\"elementor-section elementor-top-section elementor-element elementor-element-29170bd elementor-section-boxed elementor-section-height-default elementor-section-height-default\" data-id=\"29170bd\" data-element_type=\"section\">\n\t\t\t\t\t\t<div class=\"elementor-container elementor-column-gap-default\">\n\t\t\t\t\t<div class=\"elementor-column elementor-col-50 elementor-top-column elementor-element elementor-element-86386c2\" data-id=\"86386c2\" data-element_type=\"column\" data-settings=\"{&quot;background_background&quot;:&quot;classic&quot;}\">\n\t\t\t<div class=\"elementor-widget-wrap elementor-element-populated\">\n\t\t\t\t\t\t<div class=\"elementor-element elementor-element-74725a1 elementor-widget-tablet__width-initial elementor-widget elementor-widget-image\" data-id=\"74725a1\" data-element_type=\"widget\" data-widget_type=\"image.default\">\n\t\t\t\t<div class=\"elementor-widget-container\">\n\t\t\t\t\t\t\t\t\t\t\t\t\t\t\t<img fetchpriority=\"high\" decoding=\"async\" width=\"184\" height=\"288\" src=\"https:\/\/www.cafephotomarseille.org\/wp-content\/uploads\/2023\/04\/Projet-cpm-3013-expo-2018-4882-1-184x288.jpg\" class=\"attachment-medium size-medium wp-image-3586\" alt=\"\" srcset=\"https:\/\/www.cafephotomarseille.org\/wp-content\/uploads\/2023\/04\/Projet-cpm-3013-expo-2018-4882-1-184x288.jpg 184w, https:\/\/www.cafephotomarseille.org\/wp-content\/uploads\/2023\/04\/Projet-cpm-3013-expo-2018-4882-1-315x494.jpg 315w, https:\/\/www.cafephotomarseille.org\/wp-content\/uploads\/2023\/04\/Projet-cpm-3013-expo-2018-4882-1-768x1203.jpg 768w, https:\/\/www.cafephotomarseille.org\/wp-content\/uploads\/2023\/04\/Projet-cpm-3013-expo-2018-4882-1-981x1536.jpg 981w, https:\/\/www.cafephotomarseille.org\/wp-content\/uploads\/2023\/04\/Projet-cpm-3013-expo-2018-4882-1-1308x2048.jpg 1308w, https:\/\/www.cafephotomarseille.org\/wp-content\/uploads\/2023\/04\/Projet-cpm-3013-expo-2018-4882-1-2000x3132.jpg 2000w, https:\/\/www.cafephotomarseille.org\/wp-content\/uploads\/2023\/04\/Projet-cpm-3013-expo-2018-4882-1-600x940.jpg 600w, https:\/\/www.cafephotomarseille.org\/wp-content\/uploads\/2023\/04\/Projet-cpm-3013-expo-2018-4882-1-scaled-1200x1879.jpg 1200w, https:\/\/www.cafephotomarseille.org\/wp-content\/uploads\/2023\/04\/Projet-cpm-3013-expo-2018-4882-1-scaled.jpg 1635w\" sizes=\"100vw\" \/>\t\t\t\t\t\t\t\t\t\t\t\t\t\t\t<\/div>\n\t\t\t\t<\/div>\n\t\t\t\t\t<\/div>\n\t\t<\/div>\n\t\t\t\t<div class=\"elementor-column elementor-col-50 elementor-top-column elementor-element elementor-element-f753d3f\" data-id=\"f753d3f\" data-element_type=\"column\">\n\t\t\t<div class=\"elementor-widget-wrap elementor-element-populated\">\n\t\t\t\t\t\t<div class=\"elementor-element elementor-element-2d2d7cf elementor-widget elementor-widget-text-editor\" data-id=\"2d2d7cf\" data-element_type=\"widget\" data-widget_type=\"text-editor.default\">\n\t\t\t\t<div class=\"elementor-widget-container\">\n\t\t\t\t\t\t\t\t\t<h1><b>Vous avez des questions ?\u00a0<\/b><\/h1>\n<p><span style=\"font-family: var( --e-global-typography-text-font-family ), Sans-serif;\">Si \u00e0 la lecture des appels \u00e0 projets des questions subsistent, contactez le secr\u00e9tariat sur<span style=\"color: #ff0000;\"> <strong style=\"color: #ff0000;\"><a style=\"color: #ff0000;\" href=\"mailto:cafephotomarseille@gmail.com\">cafephotomarseille@gmail.com<\/a>\u00a0<\/strong><\/span><\/span><span style=\"font-family: var( --e-global-typography-text-font-family ), Sans-serif;\">et notre gentil secr\u00e9taire Daniel vous r\u00e9pondra !<\/span><\/p>\t\t\t\t\t\t\t\t<\/div>\n\t\t\t\t<\/div>\n\t\t\t\t\t<\/div>\n\t\t<\/div>\n\t\t\t\t\t<\/div>\n\t\t<\/section>\n\t\t\t\t<\/div>\n\t\t","protected":false},"excerpt":{"rendered":"<p>Appel \u00e0 projets 2026 : c&rsquo;est parti ! Dans le cadre de l&rsquo;exposition collective annuelle de l&rsquo;association qui se d\u00e9roule du 10 au 25 octobre 2026 au 3013, espace de cr\u00e9ation sur 300m2 \u00e0 Marseille, l&rsquo;association Caf\u00e9 Photo Marseille (CPM) lance 1 appel \u00e0 projets &#8211; en tirage et en projection &#8211; uniquement ouverts aux &hellip; <\/p>\n<p class=\"link-more\"><a href=\"https:\/\/www.cafephotomarseille.org\/?page_id=3976\" class=\"more-link\">Lire la suite de<span class=\"screen-reader-text\">\u00ab\u00a0Appel \u00e0 projets\u00a0\u00bb<\/span><\/a><\/p>\n","protected":false},"author":1,"featured_media":4358,"parent":0,"menu_order":0,"comment_status":"closed","ping_status":"closed","template":"","meta":{"footnotes":""},"class_list":["post-3976","page","type-page","status-publish","has-post-thumbnail","hentry"],"featured_media_urls":{"thumbnail":["https:\/\/www.cafephotomarseille.org\/wp-content\/uploads\/2025\/01\/463219797_1157194042669783_6966766852218495925_n-e1777095034964-290x290.jpg",290,290,true],"medium":["https:\/\/www.cafephotomarseille.org\/wp-content\/uploads\/2025\/01\/463219797_1157194042669783_6966766852218495925_n-e1777095034964-288x135.jpg",288,135,true],"medium_large":["https:\/\/www.cafephotomarseille.org\/wp-content\/uploads\/2025\/01\/463219797_1157194042669783_6966766852218495925_n-e1777095034964-768x360.jpg",768,360,true],"large":["https:\/\/www.cafephotomarseille.org\/wp-content\/uploads\/2025\/01\/463219797_1157194042669783_6966766852218495925_n-e1777095034964-494x232.jpg",494,232,true],"1536x1536":["https:\/\/www.cafephotomarseille.org\/wp-content\/uploads\/2025\/01\/463219797_1157194042669783_6966766852218495925_n-e1777095034964-1536x720.jpg",1536,720,true],"2048x2048":["https:\/\/www.cafephotomarseille.org\/wp-content\/uploads\/2025\/01\/463219797_1157194042669783_6966766852218495925_n-e1777095034964.jpg",2048,960,false],"inspiro-featured-image":["https:\/\/www.cafephotomarseille.org\/wp-content\/uploads\/2025\/01\/463219797_1157194042669783_6966766852218495925_n-e1777095034964-2000x938.jpg",2000,938,true],"inspiro-loop":["https:\/\/www.cafephotomarseille.org\/wp-content\/uploads\/2025\/01\/463219797_1157194042669783_6966766852218495925_n-e1777095034964-950x320.jpg",950,320,true],"inspiro-loop@2x":["https:\/\/www.cafephotomarseille.org\/wp-content\/uploads\/2025\/01\/463219797_1157194042669783_6966766852218495925_n-e1777095034964-1900x640.jpg",1900,640,true],"portfolio_item-thumbnail":["https:\/\/www.cafephotomarseille.org\/wp-content\/uploads\/2025\/01\/463219797_1157194042669783_6966766852218495925_n-e1777095034964-600x400.jpg",600,400,true],"portfolio_item-thumbnail@2x":["https:\/\/www.cafephotomarseille.org\/wp-content\/uploads\/2025\/01\/463219797_1157194042669783_6966766852218495925_n-e1777095034964-1200x800.jpg",1200,800,true],"portfolio_item-masonry":["https:\/\/www.cafephotomarseille.org\/wp-content\/uploads\/2025\/01\/463219797_1157194042669783_6966766852218495925_n-e1777095034964-600x281.jpg",600,281,true],"portfolio_item-masonry@2x":["https:\/\/www.cafephotomarseille.org\/wp-content\/uploads\/2025\/01\/463219797_1157194042669783_6966766852218495925_n-e1777095034964-1200x563.jpg",1200,563,true],"portfolio_item-thumbnail_cinema":["https:\/\/www.cafephotomarseille.org\/wp-content\/uploads\/2025\/01\/463219797_1157194042669783_6966766852218495925_n-e1777095034964-800x335.jpg",800,335,true],"portfolio_item-thumbnail_portrait":["https:\/\/www.cafephotomarseille.org\/wp-content\/uploads\/2025\/01\/463219797_1157194042669783_6966766852218495925_n-e1777095034964-600x900.jpg",600,900,true],"portfolio_item-thumbnail_portrait@2x":["https:\/\/www.cafephotomarseille.org\/wp-content\/uploads\/2025\/01\/463219797_1157194042669783_6966766852218495925_n-e1777095034964-1200x960.jpg",1200,960,true],"portfolio_item-thumbnail_square":["https:\/\/www.cafephotomarseille.org\/wp-content\/uploads\/2025\/01\/463219797_1157194042669783_6966766852218495925_n-e1777095034964-800x800.jpg",800,800,true]},"_links":{"self":[{"href":"https:\/\/www.cafephotomarseille.org\/index.php?rest_route=\/wp\/v2\/pages\/3976","targetHints":{"allow":["GET"]}}],"collection":[{"href":"https:\/\/www.cafephotomarseille.org\/index.php?rest_route=\/wp\/v2\/pages"}],"about":[{"href":"https:\/\/www.cafephotomarseille.org\/index.php?rest_route=\/wp\/v2\/types\/page"}],"author":[{"embeddable":true,"href":"https:\/\/www.cafephotomarseille.org\/index.php?rest_route=\/wp\/v2\/users\/1"}],"replies":[{"embeddable":true,"href":"https:\/\/www.cafephotomarseille.org\/index.php?rest_route=%2Fwp%2Fv2%2Fcomments&post=3976"}],"version-history":[{"count":66,"href":"https:\/\/www.cafephotomarseille.org\/index.php?rest_route=\/wp\/v2\/pages\/3976\/revisions"}],"predecessor-version":[{"id":4672,"href":"https:\/\/www.cafephotomarseille.org\/index.php?rest_route=\/wp\/v2\/pages\/3976\/revisions\/4672"}],"wp:featuredmedia":[{"embeddable":true,"href":"https:\/\/www.cafephotomarseille.org\/index.php?rest_route=\/wp\/v2\/media\/4358"}],"wp:attachment":[{"href":"https:\/\/www.cafephotomarseille.org\/index.php?rest_route=%2Fwp%2Fv2%2Fmedia&parent=3976"}],"curies":[{"name":"wp","href":"https:\/\/api.w.org\/{rel}","templated":true}]}}